{"id":113,"date":"2024-04-22T10:40:14","date_gmt":"2024-04-22T08:40:14","guid":{"rendered":"http:\/\/exiteam.fr\/?page_id=113"},"modified":"2024-04-22T10:42:14","modified_gmt":"2024-04-22T08:42:14","slug":"actualites","status":"publish","type":"page","link":"https:\/\/exiteam.fr\/index.php\/page-d-exemple\/actualites\/","title":{"rendered":"Actualit\u00e9s"},"content":{"rendered":"\n<p>L\u2019\u00e9diteur Netwitness a annonc\u00e9 le 14 mars 2024 la sortie de la version 12.4 de sa plateforme XDR.<\/p>\n\n\n\n<p>La principale \u00e9volution de cette version est le remplacement du syst\u00e8me d\u2019exploitation de l\u2019appliance, qui passe de CentOS Linux 7.9 (qui atteindra sa date officielle de fin de vie le 30 juin prochain) \u00e0 AlmaLinux 8.9.<\/p>\n\n\n\n<p>Cette op\u00e9ration complexe a \u00e9t\u00e9 automatis\u00e9e par les \u00e9quipes de d\u00e9veloppement Netwitness et se pr\u00e9sente comme l\u2019application d\u2019une mise \u00e0 jour habituelle (via l\u2019interface graphique ou la ligne de commande).<\/p>\n\n\n\n<p>Cependant, certains pr\u00e9requis sont \u00e0 valider au travers d\u2019un script de pr\u00e9-upgrade. Les incompatibilit\u00e9s ou probl\u00e8mes identifi\u00e9s doivent \u00eatre corrig\u00e9s avant de mettre \u00e0 jour.<\/p>\n\n\n\n<p>Cette op\u00e9ration a \u00e9t\u00e9 valid\u00e9e sur le laboratoire Exiteam, et notre \u00e9quipe pourra vous assister pour la r\u00e9aliser dans votre environnement.<\/p>\n\n\n\n<p>Nous vous rappelons qu\u2019un contrat de support \u00e9diteur actif est n\u00e9cessaire pour obtenir les binaires.<\/p>\n\n\n\n<p>Pour plus d\u2019informations&nbsp;:<\/p>\n\n\n\n<p>Les nouvelles fonctionnalit\u00e9s de cette version sont d\u00e9crites sur la page&nbsp;:<\/p>\n\n\n\n<p><a href=\"https:\/\/community.netwitness.com\/t5\/netwitness-platform-product\/netwitness-announces-the-release-of-netwitness-platform-12-4\/ta-p\/709078\">https:\/\/community.netwitness.com\/t5\/netwitness-platform-product\/netwitness-announces-the-release-of-netwitness-platform-12-4\/ta-p\/709078<\/a><\/p>\n\n\n\n<p>Cette version apporte aussi des correctifs de s\u00e9curit\u00e9 n\u00e9cessaires d\u00e9crits sur la page&nbsp;: <\/p>\n\n\n\n<p><a href=\"https:\/\/community.netwitness.com\/t5\/netwitness-platform-product\/nw-2024-01-multiple-components-within-netwitness-platform\/ta-p\/709018\">https:\/\/community.netwitness.com\/t5\/netwitness-platform-product\/nw-2024-01-multiple-components-within-netwitness-platform\/ta-p\/709018<\/a><\/p>\n","protected":false},"excerpt":{"rendered":"<p>L\u2019\u00e9diteur Netwitness a annonc\u00e9 le 14 mars 2024 la sortie de la version 12.4 de sa plateforme XDR. La principale \u00e9volution de cette version est le remplacement du syst\u00e8me d\u2019exploitation de l\u2019appliance, qui passe de CentOS Linux 7.9 (qui atteindra sa date officielle de fin de vie le 30 juin prochain) \u00e0 AlmaLinux 8.9. Cette [&hellip;]<\/p>\n","protected":false},"author":1,"featured_media":0,"parent":2,"menu_order":0,"comment_status":"closed","ping_status":"closed","template":"","meta":{"footnotes":""},"class_list":["post-113","page","type-page","status-publish","hentry"],"_links":{"self":[{"href":"https:\/\/exiteam.fr\/index.php\/wp-json\/wp\/v2\/pages\/113","targetHints":{"allow":["GET"]}}],"collection":[{"href":"https:\/\/exiteam.fr\/index.php\/wp-json\/wp\/v2\/pages"}],"about":[{"href":"https:\/\/exiteam.fr\/index.php\/wp-json\/wp\/v2\/types\/page"}],"author":[{"embeddable":true,"href":"https:\/\/exiteam.fr\/index.php\/wp-json\/wp\/v2\/users\/1"}],"replies":[{"embeddable":true,"href":"https:\/\/exiteam.fr\/index.php\/wp-json\/wp\/v2\/comments?post=113"}],"version-history":[{"count":1,"href":"https:\/\/exiteam.fr\/index.php\/wp-json\/wp\/v2\/pages\/113\/revisions"}],"predecessor-version":[{"id":115,"href":"https:\/\/exiteam.fr\/index.php\/wp-json\/wp\/v2\/pages\/113\/revisions\/115"}],"up":[{"embeddable":true,"href":"https:\/\/exiteam.fr\/index.php\/wp-json\/wp\/v2\/pages\/2"}],"wp:attachment":[{"href":"https:\/\/exiteam.fr\/index.php\/wp-json\/wp\/v2\/media?parent=113"}],"curies":[{"name":"wp","href":"https:\/\/api.w.org\/{rel}","templated":true}]}}