{"id":126,"date":"2026-01-05T14:43:28","date_gmt":"2026-01-05T13:43:28","guid":{"rendered":"https:\/\/exiteam.fr\/?page_id=126"},"modified":"2026-01-06T14:52:25","modified_gmt":"2026-01-06T13:52:25","slug":"securite-de-la-messagerie","status":"publish","type":"page","link":"https:\/\/exiteam.fr\/index.php\/securite-de-la-messagerie\/","title":{"rendered":"S\u00e9curit\u00e9 de la messagerie"},"content":{"rendered":"\n<p><\/p>\n\n\n\n<p>Fond\u00e9e en 2003, Secuserve est la premi\u00e8re soci\u00e9t\u00e9 fran\u00e7aise \u00e0 \u00e9diter des services de cybers\u00e9curit\u00e9 et de messagerie collaborative sur \u00ab\u00a0le cloud\u00a0\u00bb. Aujourd\u2019hui, Secuserve est reconnue pour son expertise dans le domaine de la s\u00e9curisation de la messagerie, de la collaboration et de la messagerie collaborative. Les \u00e9quipes Secuserve sont appr\u00e9ci\u00e9es par leurs clients pour leur excellence dans l\u2019accompagnement des projets d\u2019externalisation en mode \u00ab\u00a0SaaS\u00a0\u00bb et la qualit\u00e9 de leurs services.<\/p>\n\n\n\n<p>En tant que partenaire, Exiteam distribue et int\u00e9gre l&rsquo;offre Secuserve dans votre environnement.<\/p>\n\n\n\n<p>Les diff\u00e9rentes solutions propos\u00e9es sont :<\/p>\n\n\n\n<p><a href=\"https:\/\/exiteam.fr\/index.php\/secuserve-e-securemail\/\" data-type=\"page\" data-id=\"188\">Secuserve e-securemail<\/a><\/p>\n\n\n\n<p><a href=\"https:\/\/exiteam.fr\/index.php\/optimails\/\" data-type=\"page\" data-id=\"206\">Optimails<\/a><\/p>\n\n\n\n<p><a href=\"https:\/\/exiteam.fr\/index.php\/phishing-coach\/\" data-type=\"page\" data-id=\"195\">Phishing Coach<\/a><\/p>\n\n\n\n<p><strong>En tant qu&rsquo;utilisateur des solutions Secuserve depuis 2010, nous sommes capables de vous proposer une d\u00e9monstation et un retour d&rsquo;exp\u00e9rience.<br>Nous pouvons aussi vous accompagner sur l&rsquo;int\u00e9gration de ces solutions \u00e0 votre plateforme SIEM.<\/strong><\/p>\n\n\n\n<p><strong>En tant que partenaire, nous pouvons vous accompagner sur une \u00e9valuation de ces solutions. <\/strong><\/p>\n\n\n\n<p><\/p>\n\n\n\n<figure class=\"wp-block-gallery has-nested-images columns-default is-cropped wp-block-gallery-1 is-layout-flex wp-block-gallery-is-layout-flex\">\n<figure class=\"wp-block-image size-large\"><img loading=\"lazy\" decoding=\"async\" width=\"899\" height=\"464\" data-id=\"184\" src=\"https:\/\/exiteam.fr\/wp-content\/uploads\/2026\/01\/FrenchXDR.png\" alt=\"\" class=\"wp-image-184\" srcset=\"https:\/\/exiteam.fr\/wp-content\/uploads\/2026\/01\/FrenchXDR.png 899w, https:\/\/exiteam.fr\/wp-content\/uploads\/2026\/01\/FrenchXDR-300x155.png 300w, https:\/\/exiteam.fr\/wp-content\/uploads\/2026\/01\/FrenchXDR-768x396.png 768w\" sizes=\"auto, (max-width: 899px) 100vw, 899px\" \/><\/figure>\n\n\n\n<figure class=\"wp-block-image size-large\"><img loading=\"lazy\" decoding=\"async\" width=\"899\" height=\"464\" data-id=\"185\" src=\"https:\/\/exiteam.fr\/wp-content\/uploads\/2026\/01\/France-Cybersecurity.png\" alt=\"\" class=\"wp-image-185\" srcset=\"https:\/\/exiteam.fr\/wp-content\/uploads\/2026\/01\/France-Cybersecurity.png 899w, https:\/\/exiteam.fr\/wp-content\/uploads\/2026\/01\/France-Cybersecurity-300x155.png 300w, https:\/\/exiteam.fr\/wp-content\/uploads\/2026\/01\/France-Cybersecurity-768x396.png 768w\" sizes=\"auto, (max-width: 899px) 100vw, 899px\" \/><\/figure>\n\n\n\n<figure class=\"wp-block-image size-large\"><img loading=\"lazy\" decoding=\"async\" width=\"899\" height=\"464\" data-id=\"186\" src=\"https:\/\/exiteam.fr\/wp-content\/uploads\/2026\/01\/FFCyber.png\" alt=\"\" class=\"wp-image-186\" srcset=\"https:\/\/exiteam.fr\/wp-content\/uploads\/2026\/01\/FFCyber.png 899w, https:\/\/exiteam.fr\/wp-content\/uploads\/2026\/01\/FFCyber-300x155.png 300w, https:\/\/exiteam.fr\/wp-content\/uploads\/2026\/01\/FFCyber-768x396.png 768w\" sizes=\"auto, (max-width: 899px) 100vw, 899px\" \/><\/figure>\n<\/figure>\n\n\n\n<p><\/p>\n","protected":false},"excerpt":{"rendered":"<p>Fond\u00e9e en 2003, Secuserve est la premi\u00e8re soci\u00e9t\u00e9 fran\u00e7aise \u00e0 \u00e9diter des services de cybers\u00e9curit\u00e9 et de messagerie collaborative sur \u00ab\u00a0le cloud\u00a0\u00bb. Aujourd\u2019hui, Secuserve est reconnue pour son expertise dans le domaine de la s\u00e9curisation de la messagerie, de la collaboration et de la messagerie collaborative. Les \u00e9quipes Secuserve sont appr\u00e9ci\u00e9es par leurs clients pour [&hellip;]<\/p>\n","protected":false},"author":1,"featured_media":181,"parent":0,"menu_order":0,"comment_status":"closed","ping_status":"closed","template":"","meta":{"footnotes":""},"class_list":["post-126","page","type-page","status-publish","has-post-thumbnail","hentry"],"_links":{"self":[{"href":"https:\/\/exiteam.fr\/index.php\/wp-json\/wp\/v2\/pages\/126","targetHints":{"allow":["GET"]}}],"collection":[{"href":"https:\/\/exiteam.fr\/index.php\/wp-json\/wp\/v2\/pages"}],"about":[{"href":"https:\/\/exiteam.fr\/index.php\/wp-json\/wp\/v2\/types\/page"}],"author":[{"embeddable":true,"href":"https:\/\/exiteam.fr\/index.php\/wp-json\/wp\/v2\/users\/1"}],"replies":[{"embeddable":true,"href":"https:\/\/exiteam.fr\/index.php\/wp-json\/wp\/v2\/comments?post=126"}],"version-history":[{"count":13,"href":"https:\/\/exiteam.fr\/index.php\/wp-json\/wp\/v2\/pages\/126\/revisions"}],"predecessor-version":[{"id":260,"href":"https:\/\/exiteam.fr\/index.php\/wp-json\/wp\/v2\/pages\/126\/revisions\/260"}],"wp:featuredmedia":[{"embeddable":true,"href":"https:\/\/exiteam.fr\/index.php\/wp-json\/wp\/v2\/media\/181"}],"wp:attachment":[{"href":"https:\/\/exiteam.fr\/index.php\/wp-json\/wp\/v2\/media?parent=126"}],"curies":[{"name":"wp","href":"https:\/\/api.w.org\/{rel}","templated":true}]}}