{"id":145,"date":"2026-01-05T15:16:04","date_gmt":"2026-01-05T14:16:04","guid":{"rendered":"https:\/\/exiteam.fr\/?page_id=145"},"modified":"2026-01-05T17:22:49","modified_gmt":"2026-01-05T16:22:49","slug":"corelight","status":"publish","type":"page","link":"https:\/\/exiteam.fr\/index.php\/corelight\/","title":{"rendered":"Corelight"},"content":{"rendered":"\n<p><\/p>\n\n\n\n<p>Corelight fournit aux \u00e9quipes de s\u00e9curit\u00e9 des preuves r\u00e9seau afin qu&rsquo;elles puissent prot\u00e9ger les organisations et les entreprises les plus critiques du monde. \u00ab On-premise \u00bb et\/ou dans le Cloud, notre plateforme \u00ab Open \u00bb de d\u00e9tection et de r\u00e9ponse en r\u00e9seau am\u00e9liore la visibilit\u00e9 et l&rsquo;analyse, ce qui permet d&rsquo;acc\u00e9l\u00e9rer les enqu\u00eates et d&rsquo;am\u00e9liorer la chasse aux menaces.<\/p>\n\n\n\n<p>La solution Corelight est compos\u00e9e de deux modules :<\/p>\n\n\n\n<ul class=\"wp-block-list\">\n<li>les sondes <a href=\"https:\/\/exiteam.fr\/index.php\/corelight-sensor\/\" data-type=\"page\" data-id=\"241\">Corelight Sensor<\/a><\/li>\n\n\n\n<li>Le serveur de deploiement <a href=\"https:\/\/exiteam.fr\/index.php\/corelight-fleet-manager\/\" data-type=\"page\" data-id=\"243\">Corelight Fleet Manager<\/a><\/li>\n\n\n\n<li>l&rsquo;interface d&rsquo;investigation <a href=\"https:\/\/exiteam.fr\/index.php\/corelight-investigator\/\" data-type=\"page\" data-id=\"227\">Corelight Investigator<\/a><\/li>\n<\/ul>\n\n\n\n<p>Exiteam peut vous proposer une d\u00e9monstation des remont\u00e9s d&rsquo;alertes Corelight vers nos solutions SIEM Netwitness ou Splunk<\/p>\n\n\n\n<p><\/p>\n","protected":false},"excerpt":{"rendered":"<p>Corelight fournit aux \u00e9quipes de s\u00e9curit\u00e9 des preuves r\u00e9seau afin qu&rsquo;elles puissent prot\u00e9ger les organisations et les entreprises les plus critiques du monde. \u00ab On-premise \u00bb et\/ou dans le Cloud, notre plateforme \u00ab Open \u00bb de d\u00e9tection et de r\u00e9ponse en r\u00e9seau am\u00e9liore la visibilit\u00e9 et l&rsquo;analyse, ce qui permet d&rsquo;acc\u00e9l\u00e9rer les enqu\u00eates et d&rsquo;am\u00e9liorer [&hellip;]<\/p>\n","protected":false},"author":1,"featured_media":177,"parent":0,"menu_order":0,"comment_status":"closed","ping_status":"closed","template":"","meta":{"footnotes":""},"class_list":["post-145","page","type-page","status-publish","has-post-thumbnail","hentry"],"_links":{"self":[{"href":"https:\/\/exiteam.fr\/index.php\/wp-json\/wp\/v2\/pages\/145","targetHints":{"allow":["GET"]}}],"collection":[{"href":"https:\/\/exiteam.fr\/index.php\/wp-json\/wp\/v2\/pages"}],"about":[{"href":"https:\/\/exiteam.fr\/index.php\/wp-json\/wp\/v2\/types\/page"}],"author":[{"embeddable":true,"href":"https:\/\/exiteam.fr\/index.php\/wp-json\/wp\/v2\/users\/1"}],"replies":[{"embeddable":true,"href":"https:\/\/exiteam.fr\/index.php\/wp-json\/wp\/v2\/comments?post=145"}],"version-history":[{"count":7,"href":"https:\/\/exiteam.fr\/index.php\/wp-json\/wp\/v2\/pages\/145\/revisions"}],"predecessor-version":[{"id":252,"href":"https:\/\/exiteam.fr\/index.php\/wp-json\/wp\/v2\/pages\/145\/revisions\/252"}],"wp:featuredmedia":[{"embeddable":true,"href":"https:\/\/exiteam.fr\/index.php\/wp-json\/wp\/v2\/media\/177"}],"wp:attachment":[{"href":"https:\/\/exiteam.fr\/index.php\/wp-json\/wp\/v2\/media?parent=145"}],"curies":[{"name":"wp","href":"https:\/\/api.w.org\/{rel}","templated":true}]}}