{"id":188,"date":"2026-01-05T15:50:42","date_gmt":"2026-01-05T14:50:42","guid":{"rendered":"https:\/\/exiteam.fr\/?page_id=188"},"modified":"2026-01-05T16:39:41","modified_gmt":"2026-01-05T15:39:41","slug":"secuserve-e-securemail","status":"publish","type":"page","link":"https:\/\/exiteam.fr\/index.php\/secuserve-e-securemail\/","title":{"rendered":"Secuserve e-securemail"},"content":{"rendered":"\n<p><strong>Solution de filtrage email souveraine pour les entreprises<\/strong><\/p>\n\n\n\n<p><br>S\u00e9curisez vos emails avec une solution 100\u202f% fran\u00e7aise, conforme RGPD<br><br>Bien plus qu\u2019un antispam\u202f: une solution compl\u00e8te et souveraine pour contrer le phishing, le malware et le ransomware<\/p>\n\n\n\n<p>Comment fonctionne la solution de filtrage 100% fran\u00e7aise, e-securemail ?<br>&#8211; Toutes les infrastructures techniques sont g\u00e9r\u00e9es en France 24\/7. <br>&#8211; Le filtrage souverain est appliqu\u00e9 \u00e0 l\u2019ensemble des emails transitant par notre architecture s\u00e9curis\u00e9e et redond\u00e9e, offrant ainsi une cybers\u00e9curit\u00e9 souveraine certifi\u00e9e pour les donn\u00e9es sensibles.<\/p>\n\n\n\n<figure class=\"wp-block-image size-large\"><img loading=\"lazy\" decoding=\"async\" width=\"1024\" height=\"676\" src=\"https:\/\/exiteam.fr\/wp-content\/uploads\/2026\/01\/Schema_V2-18061995-1024x676.png\" alt=\"\" class=\"wp-image-193\" srcset=\"https:\/\/exiteam.fr\/wp-content\/uploads\/2026\/01\/Schema_V2-18061995-1024x676.png 1024w, https:\/\/exiteam.fr\/wp-content\/uploads\/2026\/01\/Schema_V2-18061995-300x198.png 300w, https:\/\/exiteam.fr\/wp-content\/uploads\/2026\/01\/Schema_V2-18061995-768x507.png 768w, https:\/\/exiteam.fr\/wp-content\/uploads\/2026\/01\/Schema_V2-18061995.png 1076w\" sizes=\"auto, (max-width: 1024px) 100vw, 1024px\" \/><\/figure>\n","protected":false},"excerpt":{"rendered":"<p>Solution de filtrage email souveraine pour les entreprises S\u00e9curisez vos emails avec une solution 100\u202f% fran\u00e7aise, conforme RGPD Bien plus qu\u2019un antispam\u202f: une solution compl\u00e8te et souveraine pour contrer le phishing, le malware et le ransomware Comment fonctionne la solution de filtrage 100% fran\u00e7aise, e-securemail ?&#8211; Toutes les infrastructures techniques sont g\u00e9r\u00e9es en France 24\/7. [&hellip;]<\/p>\n","protected":false},"author":1,"featured_media":189,"parent":0,"menu_order":0,"comment_status":"closed","ping_status":"closed","template":"","meta":{"footnotes":""},"class_list":["post-188","page","type-page","status-publish","has-post-thumbnail","hentry"],"_links":{"self":[{"href":"https:\/\/exiteam.fr\/index.php\/wp-json\/wp\/v2\/pages\/188","targetHints":{"allow":["GET"]}}],"collection":[{"href":"https:\/\/exiteam.fr\/index.php\/wp-json\/wp\/v2\/pages"}],"about":[{"href":"https:\/\/exiteam.fr\/index.php\/wp-json\/wp\/v2\/types\/page"}],"author":[{"embeddable":true,"href":"https:\/\/exiteam.fr\/index.php\/wp-json\/wp\/v2\/users\/1"}],"replies":[{"embeddable":true,"href":"https:\/\/exiteam.fr\/index.php\/wp-json\/wp\/v2\/comments?post=188"}],"version-history":[{"count":4,"href":"https:\/\/exiteam.fr\/index.php\/wp-json\/wp\/v2\/pages\/188\/revisions"}],"predecessor-version":[{"id":226,"href":"https:\/\/exiteam.fr\/index.php\/wp-json\/wp\/v2\/pages\/188\/revisions\/226"}],"wp:featuredmedia":[{"embeddable":true,"href":"https:\/\/exiteam.fr\/index.php\/wp-json\/wp\/v2\/media\/189"}],"wp:attachment":[{"href":"https:\/\/exiteam.fr\/index.php\/wp-json\/wp\/v2\/media?parent=188"}],"curies":[{"name":"wp","href":"https:\/\/api.w.org\/{rel}","templated":true}]}}