{"id":195,"date":"2026-01-05T15:59:40","date_gmt":"2026-01-05T14:59:40","guid":{"rendered":"https:\/\/exiteam.fr\/?page_id=195"},"modified":"2026-01-05T16:36:43","modified_gmt":"2026-01-05T15:36:43","slug":"phishing-coach","status":"publish","type":"page","link":"https:\/\/exiteam.fr\/index.php\/phishing-coach\/","title":{"rendered":"Phishing Coach"},"content":{"rendered":"\n<p><\/p>\n\n\n\n<p><strong>Pr\u00e9parez vos utilisateurs aux cyberattaques et renforcez la cybers\u00e9curit\u00e9 de votre entreprise !<\/strong><\/p>\n\n\n\n<p>Face \u00e0 la mont\u00e9e des fraudes en ligne, PhishingCoach est votre alli\u00e9 pour sensibiliser efficacement vos collaborateurs, en toute simplicit\u00e9 !<\/p>\n\n\n<div class=\"wp-block-image\">\n<figure class=\"aligncenter size-large is-resized\"><img loading=\"lazy\" decoding=\"async\" width=\"1024\" height=\"646\" src=\"https:\/\/exiteam.fr\/wp-content\/uploads\/2026\/01\/Plan-de-travail-25-1024x646.png\" alt=\"\" class=\"wp-image-197\" style=\"aspect-ratio:1.5851860588547502;width:536px;height:auto\" srcset=\"https:\/\/exiteam.fr\/wp-content\/uploads\/2026\/01\/Plan-de-travail-25-1024x646.png 1024w, https:\/\/exiteam.fr\/wp-content\/uploads\/2026\/01\/Plan-de-travail-25-300x189.png 300w, https:\/\/exiteam.fr\/wp-content\/uploads\/2026\/01\/Plan-de-travail-25-768x485.png 768w, https:\/\/exiteam.fr\/wp-content\/uploads\/2026\/01\/Plan-de-travail-25-1536x970.png 1536w, https:\/\/exiteam.fr\/wp-content\/uploads\/2026\/01\/Plan-de-travail-25.png 1616w\" sizes=\"auto, (max-width: 1024px) 100vw, 1024px\" \/><\/figure>\n<\/div>\n\n\n<figure class=\"wp-block-table is-style-stripes\"><table class=\"has-fixed-layout\"><thead><tr><th>Simulation de phishing<\/th><th>E-learning continu contre<br>le phishing<\/th><th>Formation \u00e0 la cybers\u00e9curit\u00e9 en<br>entreprise<\/th><\/tr><\/thead><tbody><tr><td>Sensibilisez efficacement aux<br>cyberattaques et aux bonnes<br>pratiques en mati\u00e8re de messagerie.<\/td><td>Formez vos collaborateurs et<br>renforcez votre ligne de<br>d\u00e9fense contre le phishing.<\/td><td>Identifiez les risques informatiques sp\u00e9cifiques \u00e0 votre environnement<br>professionnel.<\/td><\/tr><tr><td>Transformez les habitudes en<br>menant des campagnes de<br>test de phishing.<\/td><td>\u00c9valuez leurs r\u00e9flexes face aux<br>attaques en utilisant des<br>messages r\u00e9alistes, inspir\u00e9s de<br>vos communications internes<br>ou de celles de vos partenaires<br>ainsi que des phishing actuels<\/td><td>Int\u00e9grez les bonnes pratiques et<br>adoptez-les au quotidien pour<br>d\u00e9jouer les cyberattaques.<\/td><\/tr><tr><td>Identifiez les vuln\u00e9rabilit\u00e9s<br>dans votre organisation.<\/td><td>Construisez un programme de<br>formation adapt\u00e9, bas\u00e9 sur les<br>m\u00e9thodes des hackers et les<br>bons r\u00e9flexes \u00e0 adopter en cas<br>d\u2019attaque.<\/td><td>Diffusez la culture de cybers\u00e9curit\u00e9 en sensibilisant activement vos<br>coll\u00e8gues.<\/td><\/tr><tr><td>Clarifiez les proc\u00e9dures \u00e0 suivre<br>face au phishing au coeur de<br>votre structure.<\/td><td><\/td><td>Renforcez la s\u00e9curit\u00e9 sur votre<br>p\u00e9rim\u00e8tre en proposant des<br>actions concr\u00e8tes et adapt\u00e9es \u00e0<br>vos enjeux.<\/td><\/tr><\/tbody><\/table><\/figure>\n","protected":false},"excerpt":{"rendered":"<p>Pr\u00e9parez vos utilisateurs aux cyberattaques et renforcez la cybers\u00e9curit\u00e9 de votre entreprise ! Face \u00e0 la mont\u00e9e des fraudes en ligne, PhishingCoach est votre alli\u00e9 pour sensibiliser efficacement vos collaborateurs, en toute simplicit\u00e9 ! Simulation de phishing E-learning continu contrele phishing Formation \u00e0 la cybers\u00e9curit\u00e9 enentreprise Sensibilisez efficacement auxcyberattaques et aux bonnespratiques en mati\u00e8re de [&hellip;]<\/p>\n","protected":false},"author":1,"featured_media":220,"parent":0,"menu_order":0,"comment_status":"closed","ping_status":"closed","template":"","meta":{"footnotes":""},"class_list":["post-195","page","type-page","status-publish","has-post-thumbnail","hentry"],"_links":{"self":[{"href":"https:\/\/exiteam.fr\/index.php\/wp-json\/wp\/v2\/pages\/195","targetHints":{"allow":["GET"]}}],"collection":[{"href":"https:\/\/exiteam.fr\/index.php\/wp-json\/wp\/v2\/pages"}],"about":[{"href":"https:\/\/exiteam.fr\/index.php\/wp-json\/wp\/v2\/types\/page"}],"author":[{"embeddable":true,"href":"https:\/\/exiteam.fr\/index.php\/wp-json\/wp\/v2\/users\/1"}],"replies":[{"embeddable":true,"href":"https:\/\/exiteam.fr\/index.php\/wp-json\/wp\/v2\/comments?post=195"}],"version-history":[{"count":7,"href":"https:\/\/exiteam.fr\/index.php\/wp-json\/wp\/v2\/pages\/195\/revisions"}],"predecessor-version":[{"id":225,"href":"https:\/\/exiteam.fr\/index.php\/wp-json\/wp\/v2\/pages\/195\/revisions\/225"}],"wp:featuredmedia":[{"embeddable":true,"href":"https:\/\/exiteam.fr\/index.php\/wp-json\/wp\/v2\/media\/220"}],"wp:attachment":[{"href":"https:\/\/exiteam.fr\/index.php\/wp-json\/wp\/v2\/media?parent=195"}],"curies":[{"name":"wp","href":"https:\/\/api.w.org\/{rel}","templated":true}]}}