{"id":206,"date":"2026-01-05T16:10:27","date_gmt":"2026-01-05T15:10:27","guid":{"rendered":"https:\/\/exiteam.fr\/?page_id=206"},"modified":"2026-01-05T17:26:29","modified_gmt":"2026-01-05T16:26:29","slug":"optimails","status":"publish","type":"page","link":"https:\/\/exiteam.fr\/index.php\/optimails\/","title":{"rendered":"Optimails"},"content":{"rendered":"\n<p><\/p>\n\n\n\n<p><strong>MESSAGERIE PROFESSIONNELLE SECURISEE, COLLABORATIVE ET HAUTEMENT DISPONIBLE<\/strong><br>La plupart des soci\u00e9t\u00e9s ne disposent ni des comp\u00e9tences, ni des moyens humains et techniques n\u00e9cessaires \u00e0 la gestion et \u00e0 la s\u00e9curisation de leur syst\u00e8me de messagerie. Optimails permet d\u2019obtenir rapidement un service hautement disponible, s\u00e9curis\u00e9 et accessible de n\u2019importe o\u00f9.<\/p>\n\n\n\n<p><strong>Sans serveur, ni licence et paiement \u00e0 la demande<\/strong><br>Optimails est une messagerie SaaS qui ne n\u00e9cessite aucune installation ou maintenance de serveur et ne n\u00e9cessite pas l\u2019achat de licence. La facturation se fait \u00e0 l\u2019usage par utilisateur et par mois. Vous payez donc uniquement pour ce que vous consommez et vous pouvez ajuster en temps r\u00e9el votre consommation.<\/p>\n\n\n\n<p><strong>Principe de fonctionnement de la messagerie professionnelle<\/strong><br>Au bureau ou en d\u00e9placement, Optimails permet \u00e0 vos utilisateurs d\u2019acc\u00e9der instantan\u00e9ment \u00e0 leur messagerie, agenda, carnets de contacts, et de mani\u00e8re totalement s\u00e9curis\u00e9e. L\u2019administrateur de la solution peut g\u00e9rer les options d\u2019utilisation du service Optimails en acc\u00e9dant \u00e0 une console d\u2019administration s\u00e9curis\u00e9e. La solution de s\u00e9curisation des emails e-securemail, est nativement int\u00e9gr\u00e9e \u00e0 Optimails. Les utilisateurs Optimails b\u00e9n\u00e9ficient donc d\u2019une solution Antispam et Antivirus performante et \u00e9volutive face aux diff\u00e9rentes menaces email.<\/p>\n\n\n<div class=\"wp-block-image\">\n<figure class=\"aligncenter size-full is-resized\"><img loading=\"lazy\" decoding=\"async\" width=\"594\" height=\"900\" src=\"https:\/\/exiteam.fr\/wp-content\/uploads\/2026\/01\/Plan-de-travail-14.png\" alt=\"\" class=\"wp-image-208\" style=\"aspect-ratio:0.6600055557484635;width:615px;height:auto\" srcset=\"https:\/\/exiteam.fr\/wp-content\/uploads\/2026\/01\/Plan-de-travail-14.png 594w, https:\/\/exiteam.fr\/wp-content\/uploads\/2026\/01\/Plan-de-travail-14-198x300.png 198w\" sizes=\"auto, (max-width: 594px) 100vw, 594px\" \/><\/figure>\n<\/div>\n\n\n<p><strong>La garantie d\u2019un service de qualit\u00e9<\/strong><br>Parce que nos clients souhaitent se concentrer sur leur c\u0153ur de m\u00e9tier en toute s\u00e9r\u00e9nit\u00e9, nous leur garantissons la qualit\u00e9 de nos services. Tous nos utilisateurs Optimails disposent de niveaux de services garantis (SLA) d\u00e9taill\u00e9s et assujettis \u00e0 des clauses de p\u00e9nalit\u00e9s. Pour le service Optimails, Secuserve garantit la qualit\u00e9 :<\/p>\n\n\n\n<p>Taux de disponibilit\u00e9 en messagerie 99,95 %<br>Taux de disponibilit\u00e9 en relayage 100 %<br>Temps de traitement d\u2019un message inf\u00e9rieur \u00e0 60 secondes*<br>Secuserve garantit \u00e9galement la s\u00e9curit\u00e9 :<\/p>\n\n\n\n<p>Protection antivirus \u00e0 100 %<br>Protection antispam \u00e0 99 %<br>Taux de faux positifs inf\u00e9rieur \u00e0 0,01% (soit 1 message sur 10 000 consid\u00e9r\u00e9 \u00e0 tort comme SPAM)<\/p>\n\n\n\n<ul class=\"wp-block-list\">\n<li>Pour un message d\u2019une taille moyenne n\u2019exc\u00e9dant pas 2 Mo<\/li>\n<\/ul>\n","protected":false},"excerpt":{"rendered":"<p>MESSAGERIE PROFESSIONNELLE SECURISEE, COLLABORATIVE ET HAUTEMENT DISPONIBLELa plupart des soci\u00e9t\u00e9s ne disposent ni des comp\u00e9tences, ni des moyens humains et techniques n\u00e9cessaires \u00e0 la gestion et \u00e0 la s\u00e9curisation de leur syst\u00e8me de messagerie. Optimails permet d\u2019obtenir rapidement un service hautement disponible, s\u00e9curis\u00e9 et accessible de n\u2019importe o\u00f9. Sans serveur, ni licence et paiement \u00e0 [&hellip;]<\/p>\n","protected":false},"author":1,"featured_media":212,"parent":0,"menu_order":0,"comment_status":"closed","ping_status":"closed","template":"","meta":{"footnotes":""},"class_list":["post-206","page","type-page","status-publish","has-post-thumbnail","hentry"],"_links":{"self":[{"href":"https:\/\/exiteam.fr\/index.php\/wp-json\/wp\/v2\/pages\/206","targetHints":{"allow":["GET"]}}],"collection":[{"href":"https:\/\/exiteam.fr\/index.php\/wp-json\/wp\/v2\/pages"}],"about":[{"href":"https:\/\/exiteam.fr\/index.php\/wp-json\/wp\/v2\/types\/page"}],"author":[{"embeddable":true,"href":"https:\/\/exiteam.fr\/index.php\/wp-json\/wp\/v2\/users\/1"}],"replies":[{"embeddable":true,"href":"https:\/\/exiteam.fr\/index.php\/wp-json\/wp\/v2\/comments?post=206"}],"version-history":[{"count":5,"href":"https:\/\/exiteam.fr\/index.php\/wp-json\/wp\/v2\/pages\/206\/revisions"}],"predecessor-version":[{"id":255,"href":"https:\/\/exiteam.fr\/index.php\/wp-json\/wp\/v2\/pages\/206\/revisions\/255"}],"wp:featuredmedia":[{"embeddable":true,"href":"https:\/\/exiteam.fr\/index.php\/wp-json\/wp\/v2\/media\/212"}],"wp:attachment":[{"href":"https:\/\/exiteam.fr\/index.php\/wp-json\/wp\/v2\/media?parent=206"}],"curies":[{"name":"wp","href":"https:\/\/api.w.org\/{rel}","templated":true}]}}