{"id":23,"date":"2023-10-31T15:32:49","date_gmt":"2023-10-31T14:32:49","guid":{"rendered":"http:\/\/exiteam.fr\/?page_id=23"},"modified":"2026-01-05T16:03:05","modified_gmt":"2026-01-05T15:03:05","slug":"splunk-2","status":"publish","type":"page","link":"https:\/\/exiteam.fr\/index.php\/splunk-2\/","title":{"rendered":"Splunk>"},"content":{"rendered":"\n<p><\/p>\n\n\n\n<p>Splunk est une plateforme unifi\u00e9e de s\u00e9curit\u00e9 et d\u2019observabilit\u00e9. Aujourd\u2019hui, les entreprises n\u2019ont plus \u00e0 se demander d\u2019o\u00f9 proviennent leurs donn\u00e9es et peuvent se concentrer sur les r\u00e9sultats commerciaux qu\u2019elles permettent d\u2019obtenir. Les innovateurs de l\u2019IT, la s\u00e9curit\u00e9, l\u2019IoT et les fonctions m\u00e9tier b\u00e9n\u00e9ficient d\u00e9sormais d\u2019une vision compl\u00e8te de leurs activit\u00e9s en temps r\u00e9el, peuvent transformer les donn\u00e9es en r\u00e9sultats commerciaux et adopter des technologies qui les pr\u00e9parent \u00e0 un avenir pilot\u00e9 par les donn\u00e9es.<\/p>\n\n\n\n<p>Plus d&rsquo;informations : <a href=\"http:\/\/www.splunk.com\">http:\/\/www.splunk.com<\/a><\/p>\n\n\n\n<p>Exiteam a obtenu la certification Splunk Associate le 26\/10\/2023. <\/p>\n","protected":false},"excerpt":{"rendered":"<p>Splunk est une plateforme unifi\u00e9e de s\u00e9curit\u00e9 et d\u2019observabilit\u00e9. Aujourd\u2019hui, les entreprises n\u2019ont plus \u00e0 se demander d\u2019o\u00f9 proviennent leurs donn\u00e9es et peuvent se concentrer sur les r\u00e9sultats commerciaux qu\u2019elles permettent d\u2019obtenir. Les innovateurs de l\u2019IT, la s\u00e9curit\u00e9, l\u2019IoT et les fonctions m\u00e9tier b\u00e9n\u00e9ficient d\u00e9sormais d\u2019une vision compl\u00e8te de leurs activit\u00e9s en temps r\u00e9el, peuvent [&hellip;]<\/p>\n","protected":false},"author":1,"featured_media":27,"parent":0,"menu_order":0,"comment_status":"closed","ping_status":"closed","template":"","meta":{"footnotes":""},"class_list":["post-23","page","type-page","status-publish","has-post-thumbnail","hentry"],"_links":{"self":[{"href":"https:\/\/exiteam.fr\/index.php\/wp-json\/wp\/v2\/pages\/23","targetHints":{"allow":["GET"]}}],"collection":[{"href":"https:\/\/exiteam.fr\/index.php\/wp-json\/wp\/v2\/pages"}],"about":[{"href":"https:\/\/exiteam.fr\/index.php\/wp-json\/wp\/v2\/types\/page"}],"author":[{"embeddable":true,"href":"https:\/\/exiteam.fr\/index.php\/wp-json\/wp\/v2\/users\/1"}],"replies":[{"embeddable":true,"href":"https:\/\/exiteam.fr\/index.php\/wp-json\/wp\/v2\/comments?post=23"}],"version-history":[{"count":9,"href":"https:\/\/exiteam.fr\/index.php\/wp-json\/wp\/v2\/pages\/23\/revisions"}],"predecessor-version":[{"id":201,"href":"https:\/\/exiteam.fr\/index.php\/wp-json\/wp\/v2\/pages\/23\/revisions\/201"}],"wp:featuredmedia":[{"embeddable":true,"href":"https:\/\/exiteam.fr\/index.php\/wp-json\/wp\/v2\/media\/27"}],"wp:attachment":[{"href":"https:\/\/exiteam.fr\/index.php\/wp-json\/wp\/v2\/media?parent=23"}],"curies":[{"name":"wp","href":"https:\/\/api.w.org\/{rel}","templated":true}]}}