{"id":243,"date":"2026-01-05T17:12:08","date_gmt":"2026-01-05T16:12:08","guid":{"rendered":"https:\/\/exiteam.fr\/?page_id=243"},"modified":"2026-01-05T17:12:08","modified_gmt":"2026-01-05T16:12:08","slug":"corelight-fleet-manager","status":"publish","type":"page","link":"https:\/\/exiteam.fr\/index.php\/corelight-fleet-manager\/","title":{"rendered":"Corelight Fleet Manager"},"content":{"rendered":"\n<p><strong>G\u00e9rez des centaines de capteurs depuis une seule interface.<\/strong><br>Fleet Manager est une plateforme unique et centralis\u00e9e qui vous permet de g\u00e9rer, configurer, mettre \u00e0 jour et appliquer des configurations de base aux capteurs Corelight. Cr\u00e9ez des mod\u00e8les de configuration, d\u00e9finissez des groupes de capteurs personnalis\u00e9s, g\u00e9rez les r\u00f4les et les niveaux d&rsquo;acc\u00e8s des utilisateurs et \u00e9valuez l&rsquo;\u00e9tat des capteurs g\u00e9r\u00e9s \u00e0 l&rsquo;\u00e9chelle de l&rsquo;entreprise, le tout depuis une interface unique. Consacrez moins de temps \u00e0 la gestion et au suivi des modifications et plus de temps \u00e0 la protection contre les attaques.<\/p>\n\n\n\n<ul class=\"wp-block-list\">\n<li>D\u00e9ployez des packages et des configurations depuis une interface utilisateur unique.<\/li>\n\n\n\n<li>G\u00e9rez et configurez les r\u00e8gles Zeek\u00ae, IDS et YARA.<\/li>\n\n\n\n<li>Contr\u00f4lez l&rsquo;acc\u00e8s gr\u00e2ce \u00e0 des param\u00e8tres utilisateur pr\u00e9cis bas\u00e9s sur les r\u00f4les.<\/li>\n\n\n\n<li>D\u00e9finissez des groupes de capteurs personnalis\u00e9s.<\/li>\n\n\n\n<li>Appliquez des mod\u00e8les de configuration personnalis\u00e9s.<\/li>\n<\/ul>\n","protected":false},"excerpt":{"rendered":"<p>G\u00e9rez des centaines de capteurs depuis une seule interface.Fleet Manager est une plateforme unique et centralis\u00e9e qui vous permet de g\u00e9rer, configurer, mettre \u00e0 jour et appliquer des configurations de base aux capteurs Corelight. Cr\u00e9ez des mod\u00e8les de configuration, d\u00e9finissez des groupes de capteurs personnalis\u00e9s, g\u00e9rez les r\u00f4les et les niveaux d&rsquo;acc\u00e8s des utilisateurs et [&hellip;]<\/p>\n","protected":false},"author":1,"featured_media":177,"parent":0,"menu_order":0,"comment_status":"closed","ping_status":"closed","template":"","meta":{"footnotes":""},"class_list":["post-243","page","type-page","status-publish","has-post-thumbnail","hentry"],"_links":{"self":[{"href":"https:\/\/exiteam.fr\/index.php\/wp-json\/wp\/v2\/pages\/243","targetHints":{"allow":["GET"]}}],"collection":[{"href":"https:\/\/exiteam.fr\/index.php\/wp-json\/wp\/v2\/pages"}],"about":[{"href":"https:\/\/exiteam.fr\/index.php\/wp-json\/wp\/v2\/types\/page"}],"author":[{"embeddable":true,"href":"https:\/\/exiteam.fr\/index.php\/wp-json\/wp\/v2\/users\/1"}],"replies":[{"embeddable":true,"href":"https:\/\/exiteam.fr\/index.php\/wp-json\/wp\/v2\/comments?post=243"}],"version-history":[{"count":1,"href":"https:\/\/exiteam.fr\/index.php\/wp-json\/wp\/v2\/pages\/243\/revisions"}],"predecessor-version":[{"id":244,"href":"https:\/\/exiteam.fr\/index.php\/wp-json\/wp\/v2\/pages\/243\/revisions\/244"}],"wp:featuredmedia":[{"embeddable":true,"href":"https:\/\/exiteam.fr\/index.php\/wp-json\/wp\/v2\/media\/177"}],"wp:attachment":[{"href":"https:\/\/exiteam.fr\/index.php\/wp-json\/wp\/v2\/media?parent=243"}],"curies":[{"name":"wp","href":"https:\/\/api.w.org\/{rel}","templated":true}]}}