{"id":25,"date":"2023-10-31T15:32:49","date_gmt":"2023-10-31T14:32:49","guid":{"rendered":"http:\/\/exiteam.fr\/?page_id=25"},"modified":"2025-04-28T15:54:13","modified_gmt":"2025-04-28T13:54:13","slug":"presentation-de-la-societe","status":"publish","type":"page","link":"https:\/\/exiteam.fr\/index.php\/presentation-de-la-societe\/","title":{"rendered":"Pr\u00e9sentation de la soci\u00e9t\u00e9"},"content":{"rendered":"\n<p>La soci\u00e9t\u00e9 EXITEAM a \u00e9t\u00e9 fond\u00e9e en 2010 afin de proposer son expertise en s\u00e9curit\u00e9 Informatique. Nos comp\u00e9tences sont reconnues sur le march\u00e9, en particulier sur les sujets du SIEM :<\/p>\n\n\n\n<ul class=\"wp-block-list\">\n<li>assistance au design et \u00e0 la mise en oeuvre des solutions<\/li>\n\n\n\n<li>maintien en condition op\u00e9rationnelle et support technique<\/li>\n\n\n\n<li>formation des \u00e9quipes op\u00e9rationnelles<\/li>\n<\/ul>\n\n\n\n<p>Ces comp\u00e9tences couvrent les solutions Netwitness XDR et Splunk. Elles s&rsquo;adressent aussi bien aux clients priv\u00e9s ou publics, qu&rsquo;aux int\u00e9grateurs et \u00e9diteurs de ces solutions. En compl\u00e9ment, nous \u00e9tendons nos activit\u00e9s aux offres s\u00e9curit\u00e9s classiques.<\/p>\n\n\n\n<p>Pour nous contacter : <a href=\"mailto:contact@exiteam.com\">contact@exiteam.com<\/a><\/p>\n\n\n\n<p>Pour nous suivre : <br>&#8211; Linkedin : <a href=\"https:\/\/www.linkedin.com\/search\/results\/all\/?fetchDeterministicClustersOnly=true&amp;heroEntityKey=urn%3Ali%3Aorganization%3A1184543&amp;keywords=exiteam&amp;origin=RICH_QUERY_SUGGESTION&amp;position=0&amp;searchId=976f7100-5b92-40a6-8e2d-4a1ae39621ae&amp;sid=9SU&amp;spellCorrectionEnabled=false\" target=\"_blank\" rel=\"noreferrer noopener\">www.linkedin.com<\/a><br>&#8211; Facebook : <a href=\"https:\/\/www.facebook.com\/exiteamsarl\">www.facebook.com<\/a><\/p>\n","protected":false},"excerpt":{"rendered":"<p>La soci\u00e9t\u00e9 EXITEAM a \u00e9t\u00e9 fond\u00e9e en 2010 afin de proposer son expertise en s\u00e9curit\u00e9 Informatique. Nos comp\u00e9tences sont reconnues sur le march\u00e9, en particulier sur les sujets du SIEM : Ces comp\u00e9tences couvrent les solutions Netwitness XDR et Splunk. Elles s&rsquo;adressent aussi bien aux clients priv\u00e9s ou publics, qu&rsquo;aux int\u00e9grateurs et \u00e9diteurs de ces [&hellip;]<\/p>\n","protected":false},"author":1,"featured_media":0,"parent":0,"menu_order":0,"comment_status":"closed","ping_status":"closed","template":"","meta":{"footnotes":""},"class_list":["post-25","page","type-page","status-publish","hentry"],"_links":{"self":[{"href":"https:\/\/exiteam.fr\/index.php\/wp-json\/wp\/v2\/pages\/25","targetHints":{"allow":["GET"]}}],"collection":[{"href":"https:\/\/exiteam.fr\/index.php\/wp-json\/wp\/v2\/pages"}],"about":[{"href":"https:\/\/exiteam.fr\/index.php\/wp-json\/wp\/v2\/types\/page"}],"author":[{"embeddable":true,"href":"https:\/\/exiteam.fr\/index.php\/wp-json\/wp\/v2\/users\/1"}],"replies":[{"embeddable":true,"href":"https:\/\/exiteam.fr\/index.php\/wp-json\/wp\/v2\/comments?post=25"}],"version-history":[{"count":9,"href":"https:\/\/exiteam.fr\/index.php\/wp-json\/wp\/v2\/pages\/25\/revisions"}],"predecessor-version":[{"id":124,"href":"https:\/\/exiteam.fr\/index.php\/wp-json\/wp\/v2\/pages\/25\/revisions\/124"}],"wp:attachment":[{"href":"https:\/\/exiteam.fr\/index.php\/wp-json\/wp\/v2\/media?parent=25"}],"curies":[{"name":"wp","href":"https:\/\/api.w.org\/{rel}","templated":true}]}}