{"id":59,"date":"2023-10-31T16:51:10","date_gmt":"2023-10-31T15:51:10","guid":{"rendered":"http:\/\/exiteam.fr\/?page_id=59"},"modified":"2025-04-28T15:53:03","modified_gmt":"2025-04-28T13:53:03","slug":"nos-consultants","status":"publish","type":"page","link":"https:\/\/exiteam.fr\/index.php\/nos-consultants\/","title":{"rendered":"Nos consultants"},"content":{"rendered":"\n<figure class=\"wp-block-image size-full is-resized\"><img loading=\"lazy\" decoding=\"async\" width=\"458\" height=\"552\" src=\"https:\/\/exiteam.fr\/wp-content\/uploads\/2023\/10\/Photo-SVN.jpg\" alt=\"\" class=\"wp-image-93\" style=\"aspect-ratio:0.8297101449275363;width:159px;height:auto\" srcset=\"https:\/\/exiteam.fr\/wp-content\/uploads\/2023\/10\/Photo-SVN.jpg 458w, https:\/\/exiteam.fr\/wp-content\/uploads\/2023\/10\/Photo-SVN-249x300.jpg 249w\" sizes=\"auto, (max-width: 458px) 100vw, 458px\" \/><\/figure>\n\n\n\n<p><strong>S\u00e9bastien Villain<\/strong>, fondateur et associ\u00e9, consultant s\u00e9curit\u00e9 depuis 1990. <br><em>\u00ab\u00a0J&rsquo;ai d\u00e9but\u00e9 la s\u00e9curit\u00e9 en 1990, en developpant des applications autours de la carte \u00e0 puce.<\/em><br><em>J&rsquo;ai ensuite int\u00e9gr\u00e9 les premiers firewalls et passerelles antivirus et antispam (Checkpoint, Clearswift, Juniper, Bluecoat, &#8230;).  <\/em><br><em>Je me suis sp\u00e9cialis\u00e9 sur les solutions SIEM d\u00e8s 2002 (Network Intelligence enVision) puis Netwitness d\u00e8s 2012. <\/em><br><em>J&rsquo;ajoute en 2023 la solution Splunk \u00e0 mon CV\u00a0\u00bb<\/em><\/p>\n\n\n\n<figure class=\"wp-block-image size-full is-resized\"><img loading=\"lazy\" decoding=\"async\" width=\"301\" height=\"380\" src=\"https:\/\/exiteam.fr\/wp-content\/uploads\/2023\/10\/Fabcadre-1.png\" alt=\"\" class=\"wp-image-97\" style=\"aspect-ratio:0.7921052631578948;width:145px;height:auto\" srcset=\"https:\/\/exiteam.fr\/wp-content\/uploads\/2023\/10\/Fabcadre-1.png 301w, https:\/\/exiteam.fr\/wp-content\/uploads\/2023\/10\/Fabcadre-1-238x300.png 238w\" sizes=\"auto, (max-width: 301px) 100vw, 301px\" \/><\/figure>\n\n\n\n<p><strong>Fabrice Gaubert<\/strong>, consultant s\u00e9curit\u00e9, expert SIEM Netwitness &amp; Splunk&gt;<br><em>\u00ab\u00a0J&rsquo;ai une double comp\u00e9tence Netwitness\/Splunk qui me permet d&rsquo;intervenir en support chez diff\u00e9rents clients depuis 2017\u00a0\u00bb<\/em><\/p>\n\n\n\n<p><\/p>\n\n\n\n<p>CV d\u00e9taill\u00e9s sur demande : <a href=\"mailto:contact@exiteam.fr\">contact@exiteam.fr<\/a><\/p>\n","protected":false},"excerpt":{"rendered":"<p>S\u00e9bastien Villain, fondateur et associ\u00e9, consultant s\u00e9curit\u00e9 depuis 1990. \u00ab\u00a0J&rsquo;ai d\u00e9but\u00e9 la s\u00e9curit\u00e9 en 1990, en developpant des applications autours de la carte \u00e0 puce.J&rsquo;ai ensuite int\u00e9gr\u00e9 les premiers firewalls et passerelles antivirus et antispam (Checkpoint, Clearswift, Juniper, Bluecoat, &#8230;). Je me suis sp\u00e9cialis\u00e9 sur les solutions SIEM d\u00e8s 2002 (Network Intelligence enVision) puis Netwitness [&hellip;]<\/p>\n","protected":false},"author":1,"featured_media":0,"parent":0,"menu_order":0,"comment_status":"closed","ping_status":"closed","template":"","meta":{"footnotes":""},"class_list":["post-59","page","type-page","status-publish","hentry"],"_links":{"self":[{"href":"https:\/\/exiteam.fr\/index.php\/wp-json\/wp\/v2\/pages\/59","targetHints":{"allow":["GET"]}}],"collection":[{"href":"https:\/\/exiteam.fr\/index.php\/wp-json\/wp\/v2\/pages"}],"about":[{"href":"https:\/\/exiteam.fr\/index.php\/wp-json\/wp\/v2\/types\/page"}],"author":[{"embeddable":true,"href":"https:\/\/exiteam.fr\/index.php\/wp-json\/wp\/v2\/users\/1"}],"replies":[{"embeddable":true,"href":"https:\/\/exiteam.fr\/index.php\/wp-json\/wp\/v2\/comments?post=59"}],"version-history":[{"count":7,"href":"https:\/\/exiteam.fr\/index.php\/wp-json\/wp\/v2\/pages\/59\/revisions"}],"predecessor-version":[{"id":123,"href":"https:\/\/exiteam.fr\/index.php\/wp-json\/wp\/v2\/pages\/59\/revisions\/123"}],"wp:attachment":[{"href":"https:\/\/exiteam.fr\/index.php\/wp-json\/wp\/v2\/media?parent=59"}],"curies":[{"name":"wp","href":"https:\/\/api.w.org\/{rel}","templated":true}]}}