{"id":67,"date":"2023-10-31T17:00:53","date_gmt":"2023-10-31T16:00:53","guid":{"rendered":"http:\/\/exiteam.fr\/?page_id=67"},"modified":"2023-10-31T18:39:25","modified_gmt":"2023-10-31T17:39:25","slug":"nos-references","status":"publish","type":"page","link":"https:\/\/exiteam.fr\/index.php\/nos-references\/","title":{"rendered":"Nos r\u00e9f\u00e9rences"},"content":{"rendered":"\n<p>Exiteam r\u00e9alise des prestations :<\/p>\n\n\n\n<ul class=\"wp-block-list\">\n<li>en direct pour les clients finaux,<\/li>\n\n\n\n<li>en sous-traitance des \u00e9diteurs et des int\u00e9grateurs.<\/li>\n<\/ul>\n\n\n\n<p>Nos activit\u00e9s ciblent principalement les secteurs bancaire, sant\u00e9, industriel,  et \u00e9ducation.<\/p>\n","protected":false},"excerpt":{"rendered":"<p>Exiteam r\u00e9alise des prestations : Nos activit\u00e9s ciblent principalement les secteurs bancaire, sant\u00e9, industriel, et \u00e9ducation.<\/p>\n","protected":false},"author":1,"featured_media":0,"parent":0,"menu_order":0,"comment_status":"closed","ping_status":"closed","template":"","meta":{"footnotes":""},"class_list":["post-67","page","type-page","status-publish","hentry"],"_links":{"self":[{"href":"https:\/\/exiteam.fr\/index.php\/wp-json\/wp\/v2\/pages\/67","targetHints":{"allow":["GET"]}}],"collection":[{"href":"https:\/\/exiteam.fr\/index.php\/wp-json\/wp\/v2\/pages"}],"about":[{"href":"https:\/\/exiteam.fr\/index.php\/wp-json\/wp\/v2\/types\/page"}],"author":[{"embeddable":true,"href":"https:\/\/exiteam.fr\/index.php\/wp-json\/wp\/v2\/users\/1"}],"replies":[{"embeddable":true,"href":"https:\/\/exiteam.fr\/index.php\/wp-json\/wp\/v2\/comments?post=67"}],"version-history":[{"count":4,"href":"https:\/\/exiteam.fr\/index.php\/wp-json\/wp\/v2\/pages\/67\/revisions"}],"predecessor-version":[{"id":104,"href":"https:\/\/exiteam.fr\/index.php\/wp-json\/wp\/v2\/pages\/67\/revisions\/104"}],"wp:attachment":[{"href":"https:\/\/exiteam.fr\/index.php\/wp-json\/wp\/v2\/media?parent=67"}],"curies":[{"name":"wp","href":"https:\/\/api.w.org\/{rel}","templated":true}]}}